{"id":10,"date":"2023-11-15T22:59:30","date_gmt":"2023-11-15T22:59:30","guid":{"rendered":"https:\/\/distribuidoraderopa.com\/?page_id=10"},"modified":"2026-04-07T22:00:45","modified_gmt":"2026-04-07T22:00:45","slug":"acerca-de","status":"publish","type":"page","link":"https:\/\/distribuidoraderopa.com\/index.php\/acerca-de\/","title":{"rendered":"Nuestra empresa&#8230;"},"content":{"rendered":"<p>Fue establecida manejando una marca propia, convirti\u00e9ndonos r\u00e1pidamente en l\u00edder del mercado textil, distribuyendo chamarras, su\u00e9teres y todo tipo de\u00a0uniformes ejecutivos\u00a0a las principales tiendas departamentales de M\u00e9xico.<\/p>\n<p>Contamos con la mejor calidad para su alta durabilidad, sometidos a uso continuo, con costuras dobles y reforzadas.<\/p>\n\n\n<div class=\"wp-block-columns is-layout-flex wp-container-core-columns-is-layout-9d6595d7 wp-block-columns-is-layout-flex\">\n<div class=\"wp-block-column is-layout-flow wp-block-column-is-layout-flow\">\n<h4>Misi\u00f3n<\/h4>\n<p>&#8220;Vestir a las mejores empresas del mundo&#8221;<\/p>\n<\/div>\n\n\n\n<div class=\"wp-block-column is-layout-flow wp-block-column-is-layout-flow\">\n<h4>Visi\u00f3n<\/h4>\n<p>Ser la mayor empresa mexicana con presencia en el Continente Americano con 200 agentes de venta y \ufb01nancieramente s\u00f3lida<\/p>\n<\/div>\n<\/div>\n","protected":false},"excerpt":{"rendered":"<p>Fue establecida manejando una marca propia, convirti\u00e9ndonos r\u00e1pidamente en l\u00edder del mercado textil, distribuyendo chamarras, su\u00e9teres y todo tipo de\u00a0uniformes ejecutivos\u00a0a las principales tiendas departamentales de M\u00e9xico. Contamos con la mejor calidad para su alta durabilidad, sometidos a uso continuo, con costuras dobles y reforzadas. Misi\u00f3n &#8220;Vestir a las mejores empresas del mundo&#8221; Visi\u00f3n Ser &hellip; <\/p>\n<p class=\"link-more\"><a href=\"https:\/\/distribuidoraderopa.com\/index.php\/acerca-de\/\" class=\"more-link\">Continue reading<span class=\"screen-reader-text\"> &#8220;Nuestra empresa&#8230;&#8221;<\/span><\/a><\/p>\n","protected":false},"author":1,"featured_media":59,"parent":0,"menu_order":0,"comment_status":"closed","ping_status":"closed","template":"","meta":{"footnotes":""},"class_list":["post-10","page","type-page","status-publish","has-post-thumbnail","hentry"],"_links":{"self":[{"href":"https:\/\/distribuidoraderopa.com\/index.php\/wp-json\/wp\/v2\/pages\/10","targetHints":{"allow":["GET"]}}],"collection":[{"href":"https:\/\/distribuidoraderopa.com\/index.php\/wp-json\/wp\/v2\/pages"}],"about":[{"href":"https:\/\/distribuidoraderopa.com\/index.php\/wp-json\/wp\/v2\/types\/page"}],"author":[{"embeddable":true,"href":"https:\/\/distribuidoraderopa.com\/index.php\/wp-json\/wp\/v2\/users\/1"}],"replies":[{"embeddable":true,"href":"https:\/\/distribuidoraderopa.com\/index.php\/wp-json\/wp\/v2\/comments?post=10"}],"version-history":[{"count":5,"href":"https:\/\/distribuidoraderopa.com\/index.php\/wp-json\/wp\/v2\/pages\/10\/revisions"}],"predecessor-version":[{"id":133,"href":"https:\/\/distribuidoraderopa.com\/index.php\/wp-json\/wp\/v2\/pages\/10\/revisions\/133"}],"wp:featuredmedia":[{"embeddable":true,"href":"https:\/\/distribuidoraderopa.com\/index.php\/wp-json\/wp\/v2\/media\/59"}],"wp:attachment":[{"href":"https:\/\/distribuidoraderopa.com\/index.php\/wp-json\/wp\/v2\/media?parent=10"}],"curies":[{"name":"wp","href":"https:\/\/api.w.org\/{rel}","templated":true}]}}