{"id":9,"date":"2023-11-15T22:59:29","date_gmt":"2023-11-15T22:59:29","guid":{"rendered":"https:\/\/distribuidoraderopa.com\/?page_id=9"},"modified":"2026-04-07T22:11:22","modified_gmt":"2026-04-07T22:11:22","slug":"inicio","status":"publish","type":"page","link":"https:\/\/distribuidoraderopa.com\/","title":{"rendered":"Inicio"},"content":{"rendered":"\n<p>Nuestra empresa se estableci\u00f3 exitosamente bajo una marca propia de alto prestigio, logrando un r\u00e1pido ascenso hasta convertirnos en un l\u00edder consolidado en el mercado textil<br>mexicano.<br><br>Esta trayectoria nos ha permitido colaborar con las principales tiendas departamentales del pa\u00eds, distribuyendo con \u00e9xito una amplia gama de productos que incluyen chamarras, su\u00e9teres y todo tipo de uniformes empresariales ejecutivos. <br><br>Esta experiencia con marcas de consumo de alto nivel garantiza que la calidad y el dise\u00f1o que ofrecemos para sus uniformes corporativos son el resultado de a\u00f1os de excelencia y conocimiento profundo de la moda y la resistencia textil.<\/p>\n\n\n\n<p><\/p>\n","protected":false},"excerpt":{"rendered":"<p>Nuestra empresa se estableci\u00f3 exitosamente bajo una marca propia de alto prestigio, logrando un r\u00e1pido ascenso hasta convertirnos en un l\u00edder consolidado en el mercado textilmexicano. Esta trayectoria nos ha permitido colaborar con las principales tiendas departamentales del pa\u00eds, distribuyendo con \u00e9xito una amplia gama de productos que incluyen chamarras, su\u00e9teres y todo tipo de &hellip; <\/p>\n<p class=\"link-more\"><a href=\"https:\/\/distribuidoraderopa.com\/\" class=\"more-link\">Continue reading<span class=\"screen-reader-text\"> &#8220;Inicio&#8221;<\/span><\/a><\/p>\n","protected":false},"author":1,"featured_media":0,"parent":0,"menu_order":0,"comment_status":"closed","ping_status":"closed","template":"","meta":{"footnotes":""},"class_list":["post-9","page","type-page","status-publish","hentry"],"_links":{"self":[{"href":"https:\/\/distribuidoraderopa.com\/index.php\/wp-json\/wp\/v2\/pages\/9","targetHints":{"allow":["GET"]}}],"collection":[{"href":"https:\/\/distribuidoraderopa.com\/index.php\/wp-json\/wp\/v2\/pages"}],"about":[{"href":"https:\/\/distribuidoraderopa.com\/index.php\/wp-json\/wp\/v2\/types\/page"}],"author":[{"embeddable":true,"href":"https:\/\/distribuidoraderopa.com\/index.php\/wp-json\/wp\/v2\/users\/1"}],"replies":[{"embeddable":true,"href":"https:\/\/distribuidoraderopa.com\/index.php\/wp-json\/wp\/v2\/comments?post=9"}],"version-history":[{"count":7,"href":"https:\/\/distribuidoraderopa.com\/index.php\/wp-json\/wp\/v2\/pages\/9\/revisions"}],"predecessor-version":[{"id":139,"href":"https:\/\/distribuidoraderopa.com\/index.php\/wp-json\/wp\/v2\/pages\/9\/revisions\/139"}],"wp:attachment":[{"href":"https:\/\/distribuidoraderopa.com\/index.php\/wp-json\/wp\/v2\/media?parent=9"}],"curies":[{"name":"wp","href":"https:\/\/api.w.org\/{rel}","templated":true}]}}